{"id":5246,"date":"2018-07-27T14:43:48","date_gmt":"2018-07-27T12:43:48","guid":{"rendered":"https:\/\/tacobar.se\/cookies\/"},"modified":"2024-01-02T15:55:08","modified_gmt":"2024-01-02T14:55:08","slug":"cookies","status":"publish","type":"page","link":"https:\/\/tacobar.se\/en\/cookies\/","title":{"rendered":"Cookies"},"content":{"rendered":"","protected":false},"excerpt":{"rendered":"","protected":false},"author":1,"featured_media":0,"parent":0,"menu_order":0,"comment_status":"closed","ping_status":"closed","template":"","meta":{"_acf_changed":false,"footnotes":""},"class_list":["post-5246","page","type-page","status-publish","hentry"],"acf":[],"yoast_head":"<!-- This site is optimized with the Yoast SEO plugin v26.9 - https:\/\/yoast.com\/product\/yoast-seo-wordpress\/ -->\n<title>Om kakor - Taco Bar<\/title>\n<meta name=\"description\" content=\"Du som bes\u00f6ker en webbplats som anv\u00e4nder kakor m\u00e5ste enligt lag f\u00e5 information om att webbplatsen inneh\u00e5ller kakor och vad de anv\u00e4nds till.\" \/>\n<meta name=\"robots\" content=\"index, follow, max-snippet:-1, max-image-preview:large, max-video-preview:-1\" \/>\n<link rel=\"canonical\" href=\"https:\/\/tacobar.se\/en\/cookies\/\" \/>\n<meta property=\"og:locale\" content=\"en_US\" \/>\n<meta property=\"og:type\" content=\"article\" \/>\n<meta property=\"og:title\" content=\"Om kakor - Taco Bar\" \/>\n<meta property=\"og:description\" content=\"Du som bes\u00f6ker en webbplats som anv\u00e4nder kakor m\u00e5ste enligt lag f\u00e5 information om att webbplatsen inneh\u00e5ller kakor och vad de anv\u00e4nds till.\" \/>\n<meta property=\"og:url\" content=\"https:\/\/tacobar.se\/en\/cookies\/\" \/>\n<meta property=\"og:site_name\" content=\"Taco Bar\" \/>\n<meta property=\"article:publisher\" content=\"https:\/\/www.facebook.com\/TB.Sverige\/\" \/>\n<meta property=\"article:modified_time\" content=\"2024-01-02T14:55:08+00:00\" \/>\n<meta property=\"og:image\" content=\"https:\/\/tacobar.se\/wp-content\/uploads\/2025\/12\/share-image-tacobar-1.webp\" \/>\n\t<meta property=\"og:image:width\" content=\"1200\" \/>\n\t<meta property=\"og:image:height\" content=\"630\" \/>\n\t<meta property=\"og:image:type\" content=\"image\/webp\" \/>\n<meta name=\"twitter:card\" content=\"summary_large_image\" \/>\n<script type=\"application\/ld+json\" class=\"yoast-schema-graph\">{\"@context\":\"https:\/\/schema.org\",\"@graph\":[{\"@type\":\"WebPage\",\"@id\":\"https:\/\/tacobar.se\/en\/cookies\/\",\"url\":\"https:\/\/tacobar.se\/en\/cookies\/\",\"name\":\"Om kakor - Taco Bar\",\"isPartOf\":{\"@id\":\"https:\/\/tacobar.se\/#website\"},\"datePublished\":\"2018-07-27T12:43:48+00:00\",\"dateModified\":\"2024-01-02T14:55:08+00:00\",\"description\":\"Du som bes\u00f6ker en webbplats som anv\u00e4nder kakor m\u00e5ste enligt lag f\u00e5 information om att webbplatsen inneh\u00e5ller kakor och vad de anv\u00e4nds till.\",\"breadcrumb\":{\"@id\":\"https:\/\/tacobar.se\/en\/cookies\/#breadcrumb\"},\"inLanguage\":\"en-US\",\"potentialAction\":[{\"@type\":\"ReadAction\",\"target\":[\"https:\/\/tacobar.se\/en\/cookies\/\"]}]},{\"@type\":\"BreadcrumbList\",\"@id\":\"https:\/\/tacobar.se\/en\/cookies\/#breadcrumb\",\"itemListElement\":[{\"@type\":\"ListItem\",\"position\":1,\"name\":\"Home\",\"item\":\"https:\/\/tacobar.se\/en\/\"},{\"@type\":\"ListItem\",\"position\":2,\"name\":\"Cookies\"}]},{\"@type\":\"WebSite\",\"@id\":\"https:\/\/tacobar.se\/#website\",\"url\":\"https:\/\/tacobar.se\/\",\"name\":\"Taco Bar\",\"description\":\"Tacos, Texmex &amp; Margaritas\",\"publisher\":{\"@id\":\"https:\/\/tacobar.se\/#organization\"},\"potentialAction\":[{\"@type\":\"SearchAction\",\"target\":{\"@type\":\"EntryPoint\",\"urlTemplate\":\"https:\/\/tacobar.se\/?s={search_term_string}\"},\"query-input\":{\"@type\":\"PropertyValueSpecification\",\"valueRequired\":true,\"valueName\":\"search_term_string\"}}],\"inLanguage\":\"en-US\"},{\"@type\":\"Organization\",\"@id\":\"https:\/\/tacobar.se\/#organization\",\"name\":\"Taco Bar\",\"url\":\"https:\/\/tacobar.se\/\",\"logo\":{\"@type\":\"ImageObject\",\"inLanguage\":\"en-US\",\"@id\":\"https:\/\/tacobar.se\/#\/schema\/logo\/image\/\",\"url\":\"https:\/\/tacobar.se\/wp-content\/uploads\/2023\/05\/share-image-tacobar.jpg\",\"contentUrl\":\"https:\/\/tacobar.se\/wp-content\/uploads\/2023\/05\/share-image-tacobar.jpg\",\"width\":1200,\"height\":628,\"caption\":\"Taco Bar\"},\"image\":{\"@id\":\"https:\/\/tacobar.se\/#\/schema\/logo\/image\/\"},\"sameAs\":[\"https:\/\/www.facebook.com\/TB.Sverige\/\",\"https:\/\/www.instagram.com\/tacobarsverige\/\",\"https:\/\/www.linkedin.com\/company\/tacobarsverige\/\"]}]}<\/script>\n<!-- \/ Yoast SEO plugin. -->","yoast_head_json":{"title":"Om kakor - Taco Bar","description":"Du som bes\u00f6ker en webbplats som anv\u00e4nder kakor m\u00e5ste enligt lag f\u00e5 information om att webbplatsen inneh\u00e5ller kakor och vad de anv\u00e4nds till.","robots":{"index":"index","follow":"follow","max-snippet":"max-snippet:-1","max-image-preview":"max-image-preview:large","max-video-preview":"max-video-preview:-1"},"canonical":"https:\/\/tacobar.se\/en\/cookies\/","og_locale":"en_US","og_type":"article","og_title":"Om kakor - Taco Bar","og_description":"Du som bes\u00f6ker en webbplats som anv\u00e4nder kakor m\u00e5ste enligt lag f\u00e5 information om att webbplatsen inneh\u00e5ller kakor och vad de anv\u00e4nds till.","og_url":"https:\/\/tacobar.se\/en\/cookies\/","og_site_name":"Taco Bar","article_publisher":"https:\/\/www.facebook.com\/TB.Sverige\/","article_modified_time":"2024-01-02T14:55:08+00:00","og_image":[{"width":1200,"height":630,"url":"https:\/\/tacobar.se\/wp-content\/uploads\/2025\/12\/share-image-tacobar-1.webp","type":"image\/webp"}],"twitter_card":"summary_large_image","schema":{"@context":"https:\/\/schema.org","@graph":[{"@type":"WebPage","@id":"https:\/\/tacobar.se\/en\/cookies\/","url":"https:\/\/tacobar.se\/en\/cookies\/","name":"Om kakor - Taco Bar","isPartOf":{"@id":"https:\/\/tacobar.se\/#website"},"datePublished":"2018-07-27T12:43:48+00:00","dateModified":"2024-01-02T14:55:08+00:00","description":"Du som bes\u00f6ker en webbplats som anv\u00e4nder kakor m\u00e5ste enligt lag f\u00e5 information om att webbplatsen inneh\u00e5ller kakor och vad de anv\u00e4nds till.","breadcrumb":{"@id":"https:\/\/tacobar.se\/en\/cookies\/#breadcrumb"},"inLanguage":"en-US","potentialAction":[{"@type":"ReadAction","target":["https:\/\/tacobar.se\/en\/cookies\/"]}]},{"@type":"BreadcrumbList","@id":"https:\/\/tacobar.se\/en\/cookies\/#breadcrumb","itemListElement":[{"@type":"ListItem","position":1,"name":"Home","item":"https:\/\/tacobar.se\/en\/"},{"@type":"ListItem","position":2,"name":"Cookies"}]},{"@type":"WebSite","@id":"https:\/\/tacobar.se\/#website","url":"https:\/\/tacobar.se\/","name":"Taco Bar","description":"Tacos, Texmex &amp; Margaritas","publisher":{"@id":"https:\/\/tacobar.se\/#organization"},"potentialAction":[{"@type":"SearchAction","target":{"@type":"EntryPoint","urlTemplate":"https:\/\/tacobar.se\/?s={search_term_string}"},"query-input":{"@type":"PropertyValueSpecification","valueRequired":true,"valueName":"search_term_string"}}],"inLanguage":"en-US"},{"@type":"Organization","@id":"https:\/\/tacobar.se\/#organization","name":"Taco Bar","url":"https:\/\/tacobar.se\/","logo":{"@type":"ImageObject","inLanguage":"en-US","@id":"https:\/\/tacobar.se\/#\/schema\/logo\/image\/","url":"https:\/\/tacobar.se\/wp-content\/uploads\/2023\/05\/share-image-tacobar.jpg","contentUrl":"https:\/\/tacobar.se\/wp-content\/uploads\/2023\/05\/share-image-tacobar.jpg","width":1200,"height":628,"caption":"Taco Bar"},"image":{"@id":"https:\/\/tacobar.se\/#\/schema\/logo\/image\/"},"sameAs":["https:\/\/www.facebook.com\/TB.Sverige\/","https:\/\/www.instagram.com\/tacobarsverige\/","https:\/\/www.linkedin.com\/company\/tacobarsverige\/"]}]}},"_links":{"self":[{"href":"https:\/\/tacobar.se\/en\/wp-json\/wp\/v2\/pages\/5246","targetHints":{"allow":["GET"]}}],"collection":[{"href":"https:\/\/tacobar.se\/en\/wp-json\/wp\/v2\/pages"}],"about":[{"href":"https:\/\/tacobar.se\/en\/wp-json\/wp\/v2\/types\/page"}],"author":[{"embeddable":true,"href":"https:\/\/tacobar.se\/en\/wp-json\/wp\/v2\/users\/1"}],"replies":[{"embeddable":true,"href":"https:\/\/tacobar.se\/en\/wp-json\/wp\/v2\/comments?post=5246"}],"version-history":[{"count":1,"href":"https:\/\/tacobar.se\/en\/wp-json\/wp\/v2\/pages\/5246\/revisions"}],"predecessor-version":[{"id":5247,"href":"https:\/\/tacobar.se\/en\/wp-json\/wp\/v2\/pages\/5246\/revisions\/5247"}],"wp:attachment":[{"href":"https:\/\/tacobar.se\/en\/wp-json\/wp\/v2\/media?parent=5246"}],"curies":[{"name":"wp","href":"https:\/\/api.w.org\/{rel}","templated":true}]}}